{"id":1275,"date":"2023-09-20T21:43:59","date_gmt":"2023-09-20T21:43:59","guid":{"rendered":"https:\/\/xn--ginkgo-sphre-6db.ch\/?page_id=1275"},"modified":"2023-09-24T18:14:25","modified_gmt":"2023-09-24T18:14:25","slug":"drainage-lymphatique","status":"publish","type":"page","link":"https:\/\/xn--ginkgo-sphre-6db.ch\/index.php\/drainage-lymphatique\/","title":{"rendered":"Drainage lymphatique"},"content":{"rendered":"\n<blockquote class=\"wp-block-quote is-layout-flow wp-block-quote-is-layout-flow\"><p><\/p><\/blockquote>\n\n\n\n<p>C&#8217;est un massage doux qui stimule le syst\u00e8me lymphatique pour \u00e9liminer les toxines, r\u00e9duire l&#8217;enflure, renforcer l&#8217;immunit\u00e9 et favoriser la d\u00e9tente. Il est utilis\u00e9 pour traiter divers probl\u00e8mes de sant\u00e9 et am\u00e9liorer le bien-\u00eatre g\u00e9n\u00e9ral.<\/p>\n\n\n\n<p><br><strong>D\u00e9roulement d&#8217;une s\u00e9ance:<\/strong><\/p>\n\n\n\n<p> le soin commence toujours par un drainage de la chaine ganglionnaire du cou poursuivi par le drainage doux et apaisant pratiqu\u00e9 avec pr\u00e9cision sur des trajets d\u00e9fini en fonction du segment.<\/p>\n\n\n\n<h2 class=\"wp-block-heading\"><strong>Les Bienfaits :<\/strong><\/h2>\n\n\n\n<ul class=\"wp-block-list\"><li>Am\u00e9liore la circulation<\/li><li>Nettoie et r\u00e9g\u00e9n\u00e8re l&#8217;organisme<\/li><li>Aide contre la r\u00e9tention d&#8217;eau<\/li><li>Am\u00e9liore la cicatrisation et \u00e9vite les cicatrices ch\u00e9lo\u00efdes<\/li><li>Aide \u00e0 harmoniser le syst\u00e8me nerveux en diminuant le stress<\/li><\/ul>\n","protected":false},"excerpt":{"rendered":"<p>C&#8217;est un massage doux qui stimule le syst\u00e8me lymphatique pour \u00e9liminer les toxines, r\u00e9duire l&#8217;enflure, renforcer l&#8217;immunit\u00e9 et favoriser la d\u00e9tente. Il est utilis\u00e9 pour traiter divers probl\u00e8mes de sant\u00e9 &hellip; <\/p>\n","protected":false},"author":1,"featured_media":1277,"parent":0,"menu_order":0,"comment_status":"closed","ping_status":"closed","template":"","meta":{"om_disable_all_campaigns":false,"_uag_custom_page_level_css":"","_monsterinsights_skip_tracking":false,"_monsterinsights_sitenote_active":false,"_monsterinsights_sitenote_note":"","_monsterinsights_sitenote_category":0,"footnotes":""},"class_list":["post-1275","page","type-page","status-publish","has-post-thumbnail","hentry"],"aioseo_notices":[],"uagb_featured_image_src":{"full":["https:\/\/xn--ginkgo-sphre-6db.ch\/wp-content\/uploads\/2023\/09\/essential-oil-spa-cosmetic-oil-3816410.jpg",1280,853,false],"thumbnail":["https:\/\/xn--ginkgo-sphre-6db.ch\/wp-content\/uploads\/2023\/09\/essential-oil-spa-cosmetic-oil-3816410-150x150.jpg",150,150,true],"medium":["https:\/\/xn--ginkgo-sphre-6db.ch\/wp-content\/uploads\/2023\/09\/essential-oil-spa-cosmetic-oil-3816410-300x200.jpg",300,200,true],"medium_large":["https:\/\/xn--ginkgo-sphre-6db.ch\/wp-content\/uploads\/2023\/09\/essential-oil-spa-cosmetic-oil-3816410-768x512.jpg",767,511,true],"large":["https:\/\/xn--ginkgo-sphre-6db.ch\/wp-content\/uploads\/2023\/09\/essential-oil-spa-cosmetic-oil-3816410-1024x682.jpg",767,511,true],"post-slider-thumb-size":["https:\/\/xn--ginkgo-sphre-6db.ch\/wp-content\/uploads\/2023\/09\/essential-oil-spa-cosmetic-oil-3816410-330x190.jpg",330,190,true],"post-category-slider-size":["https:\/\/xn--ginkgo-sphre-6db.ch\/wp-content\/uploads\/2023\/09\/essential-oil-spa-cosmetic-oil-3816410-330x350.jpg",330,350,true],"1536x1536":["https:\/\/xn--ginkgo-sphre-6db.ch\/wp-content\/uploads\/2023\/09\/essential-oil-spa-cosmetic-oil-3816410.jpg",1280,853,false],"2048x2048":["https:\/\/xn--ginkgo-sphre-6db.ch\/wp-content\/uploads\/2023\/09\/essential-oil-spa-cosmetic-oil-3816410.jpg",1280,853,false],"blossom-spa-single":["https:\/\/xn--ginkgo-sphre-6db.ch\/wp-content\/uploads\/2023\/09\/essential-oil-spa-cosmetic-oil-3816410-1280x700.jpg",1280,700,true],"blossom-spa-service":["https:\/\/xn--ginkgo-sphre-6db.ch\/wp-content\/uploads\/2023\/09\/essential-oil-spa-cosmetic-oil-3816410-480x324.jpg",480,324,true],"blossom-spa-team":["https:\/\/xn--ginkgo-sphre-6db.ch\/wp-content\/uploads\/2023\/09\/essential-oil-spa-cosmetic-oil-3816410-270x300.jpg",270,300,true],"blossom-spa-pagination":["https:\/\/xn--ginkgo-sphre-6db.ch\/wp-content\/uploads\/2023\/09\/essential-oil-spa-cosmetic-oil-3816410-370x247.jpg",370,247,true],"blossom-spa-blog-list":["https:\/\/xn--ginkgo-sphre-6db.ch\/wp-content\/uploads\/2023\/09\/essential-oil-spa-cosmetic-oil-3816410-640x480.jpg",640,480,true],"blossom-spa-blog-classic":["https:\/\/xn--ginkgo-sphre-6db.ch\/wp-content\/uploads\/2023\/09\/essential-oil-spa-cosmetic-oil-3816410-776x517.jpg",776,517,true],"blossom-spa-blog-classic-full":["https:\/\/xn--ginkgo-sphre-6db.ch\/wp-content\/uploads\/2023\/09\/essential-oil-spa-cosmetic-oil-3816410-1170x517.jpg",1170,517,true],"blossom-spa-related":["https:\/\/xn--ginkgo-sphre-6db.ch\/wp-content\/uploads\/2023\/09\/essential-oil-spa-cosmetic-oil-3816410-110x83.jpg",110,83,true]},"uagb_author_info":{"display_name":"yuutajorand","author_link":"https:\/\/xn--ginkgo-sphre-6db.ch\/index.php\/author\/yuutajorand\/"},"uagb_comment_info":0,"uagb_excerpt":"C&#8217;est un massage doux qui stimule le syst\u00e8me lymphatique pour \u00e9liminer les toxines, r\u00e9duire l&#8217;enflure, renforcer l&#8217;immunit\u00e9 et favoriser la d\u00e9tente. Il est utilis\u00e9 pour traiter divers probl\u00e8mes de sant\u00e9 &hellip;","_links":{"self":[{"href":"https:\/\/xn--ginkgo-sphre-6db.ch\/index.php\/wp-json\/wp\/v2\/pages\/1275","targetHints":{"allow":["GET"]}}],"collection":[{"href":"https:\/\/xn--ginkgo-sphre-6db.ch\/index.php\/wp-json\/wp\/v2\/pages"}],"about":[{"href":"https:\/\/xn--ginkgo-sphre-6db.ch\/index.php\/wp-json\/wp\/v2\/types\/page"}],"author":[{"embeddable":true,"href":"https:\/\/xn--ginkgo-sphre-6db.ch\/index.php\/wp-json\/wp\/v2\/users\/1"}],"replies":[{"embeddable":true,"href":"https:\/\/xn--ginkgo-sphre-6db.ch\/index.php\/wp-json\/wp\/v2\/comments?post=1275"}],"version-history":[{"count":4,"href":"https:\/\/xn--ginkgo-sphre-6db.ch\/index.php\/wp-json\/wp\/v2\/pages\/1275\/revisions"}],"predecessor-version":[{"id":1342,"href":"https:\/\/xn--ginkgo-sphre-6db.ch\/index.php\/wp-json\/wp\/v2\/pages\/1275\/revisions\/1342"}],"wp:featuredmedia":[{"embeddable":true,"href":"https:\/\/xn--ginkgo-sphre-6db.ch\/index.php\/wp-json\/wp\/v2\/media\/1277"}],"wp:attachment":[{"href":"https:\/\/xn--ginkgo-sphre-6db.ch\/index.php\/wp-json\/wp\/v2\/media?parent=1275"}],"curies":[{"name":"wp","href":"https:\/\/api.w.org\/{rel}","templated":true}]}}