{"id":1015,"date":"2022-10-23T22:49:20","date_gmt":"2022-10-23T22:49:20","guid":{"rendered":"https:\/\/xn--ginkgo-sphre-6db.ch\/?page_id=1015"},"modified":"2022-10-30T18:40:25","modified_gmt":"2022-10-30T18:40:25","slug":"massages-therapeutique","status":"publish","type":"page","link":"https:\/\/xn--ginkgo-sphre-6db.ch\/index.php\/massages-therapeutique\/","title":{"rendered":"Massage th\u00e9rapeutique"},"content":{"rendered":"\n<blockquote class=\"wp-block-quote is-layout-flow wp-block-quote-is-layout-flow\"><p><\/p><cite>Classique<\/cite><\/blockquote>\n\n\n\n<p>C\u2019est un massage classique aussi appel\u00e9 m\u00e9dical ou th\u00e9rapeutique qui est un ensemble de technique de manipulation manuel (p\u00e9trissage, lissage, vibrations, etc\u2026). Ce qui permet \u00e0 une lactation des muscles et du tissus profond.<\/p>\n\n\n\n<h2 class=\"wp-block-heading\"><strong>Les Bienfaits<\/strong> :<\/h2>\n\n\n\n<ul class=\"wp-block-list\"><li>Stimule la circulations sanguine<\/li><li>Stimule l\u2019\u00e9limination des toxines<\/li><li>Am\u00e9liore les fonctions digestives<\/li><\/ul>\n","protected":false},"excerpt":{"rendered":"<p>Classique C\u2019est un massage classique aussi appel\u00e9 m\u00e9dical ou th\u00e9rapeutique qui est un ensemble de technique de manipulation manuel (p\u00e9trissage, lissage, vibrations, etc\u2026). Ce qui permet \u00e0 une lactation des &hellip; <\/p>\n","protected":false},"author":1,"featured_media":1198,"parent":0,"menu_order":0,"comment_status":"closed","ping_status":"closed","template":"","meta":{"om_disable_all_campaigns":false,"_uag_custom_page_level_css":"","_monsterinsights_skip_tracking":false,"_monsterinsights_sitenote_active":false,"_monsterinsights_sitenote_note":"","_monsterinsights_sitenote_category":0,"footnotes":""},"class_list":["post-1015","page","type-page","status-publish","has-post-thumbnail","hentry"],"aioseo_notices":[],"uagb_featured_image_src":{"full":["https:\/\/xn--ginkgo-sphre-6db.ch\/wp-content\/uploads\/2022\/10\/glass-bottle-oil-4108085.jpg",1280,960,false],"thumbnail":["https:\/\/xn--ginkgo-sphre-6db.ch\/wp-content\/uploads\/2022\/10\/glass-bottle-oil-4108085-150x150.jpg",150,150,true],"medium":["https:\/\/xn--ginkgo-sphre-6db.ch\/wp-content\/uploads\/2022\/10\/glass-bottle-oil-4108085-300x225.jpg",300,225,true],"medium_large":["https:\/\/xn--ginkgo-sphre-6db.ch\/wp-content\/uploads\/2022\/10\/glass-bottle-oil-4108085-768x576.jpg",767,575,true],"large":["https:\/\/xn--ginkgo-sphre-6db.ch\/wp-content\/uploads\/2022\/10\/glass-bottle-oil-4108085-1024x768.jpg",767,575,true],"post-slider-thumb-size":["https:\/\/xn--ginkgo-sphre-6db.ch\/wp-content\/uploads\/2022\/10\/glass-bottle-oil-4108085-330x190.jpg",330,190,true],"post-category-slider-size":["https:\/\/xn--ginkgo-sphre-6db.ch\/wp-content\/uploads\/2022\/10\/glass-bottle-oil-4108085-330x350.jpg",330,350,true],"1536x1536":["https:\/\/xn--ginkgo-sphre-6db.ch\/wp-content\/uploads\/2022\/10\/glass-bottle-oil-4108085.jpg",1280,960,false],"2048x2048":["https:\/\/xn--ginkgo-sphre-6db.ch\/wp-content\/uploads\/2022\/10\/glass-bottle-oil-4108085.jpg",1280,960,false],"blossom-spa-single":["https:\/\/xn--ginkgo-sphre-6db.ch\/wp-content\/uploads\/2022\/10\/glass-bottle-oil-4108085-1280x700.jpg",1280,700,true],"blossom-spa-service":["https:\/\/xn--ginkgo-sphre-6db.ch\/wp-content\/uploads\/2022\/10\/glass-bottle-oil-4108085-480x324.jpg",480,324,true],"blossom-spa-team":["https:\/\/xn--ginkgo-sphre-6db.ch\/wp-content\/uploads\/2022\/10\/glass-bottle-oil-4108085-270x300.jpg",270,300,true],"blossom-spa-pagination":["https:\/\/xn--ginkgo-sphre-6db.ch\/wp-content\/uploads\/2022\/10\/glass-bottle-oil-4108085-370x247.jpg",370,247,true],"blossom-spa-blog-list":["https:\/\/xn--ginkgo-sphre-6db.ch\/wp-content\/uploads\/2022\/10\/glass-bottle-oil-4108085-640x480.jpg",640,480,true],"blossom-spa-blog-classic":["https:\/\/xn--ginkgo-sphre-6db.ch\/wp-content\/uploads\/2022\/10\/glass-bottle-oil-4108085-776x517.jpg",776,517,true],"blossom-spa-blog-classic-full":["https:\/\/xn--ginkgo-sphre-6db.ch\/wp-content\/uploads\/2022\/10\/glass-bottle-oil-4108085-1170x517.jpg",1170,517,true],"blossom-spa-related":["https:\/\/xn--ginkgo-sphre-6db.ch\/wp-content\/uploads\/2022\/10\/glass-bottle-oil-4108085-110x83.jpg",110,83,true]},"uagb_author_info":{"display_name":"yuutajorand","author_link":"https:\/\/xn--ginkgo-sphre-6db.ch\/index.php\/author\/yuutajorand\/"},"uagb_comment_info":0,"uagb_excerpt":"Classique C\u2019est un massage classique aussi appel\u00e9 m\u00e9dical ou th\u00e9rapeutique qui est un ensemble de technique de manipulation manuel (p\u00e9trissage, lissage, vibrations, etc\u2026). Ce qui permet \u00e0 une lactation des &hellip;","_links":{"self":[{"href":"https:\/\/xn--ginkgo-sphre-6db.ch\/index.php\/wp-json\/wp\/v2\/pages\/1015","targetHints":{"allow":["GET"]}}],"collection":[{"href":"https:\/\/xn--ginkgo-sphre-6db.ch\/index.php\/wp-json\/wp\/v2\/pages"}],"about":[{"href":"https:\/\/xn--ginkgo-sphre-6db.ch\/index.php\/wp-json\/wp\/v2\/types\/page"}],"author":[{"embeddable":true,"href":"https:\/\/xn--ginkgo-sphre-6db.ch\/index.php\/wp-json\/wp\/v2\/users\/1"}],"replies":[{"embeddable":true,"href":"https:\/\/xn--ginkgo-sphre-6db.ch\/index.php\/wp-json\/wp\/v2\/comments?post=1015"}],"version-history":[{"count":5,"href":"https:\/\/xn--ginkgo-sphre-6db.ch\/index.php\/wp-json\/wp\/v2\/pages\/1015\/revisions"}],"predecessor-version":[{"id":1276,"href":"https:\/\/xn--ginkgo-sphre-6db.ch\/index.php\/wp-json\/wp\/v2\/pages\/1015\/revisions\/1276"}],"wp:featuredmedia":[{"embeddable":true,"href":"https:\/\/xn--ginkgo-sphre-6db.ch\/index.php\/wp-json\/wp\/v2\/media\/1198"}],"wp:attachment":[{"href":"https:\/\/xn--ginkgo-sphre-6db.ch\/index.php\/wp-json\/wp\/v2\/media?parent=1015"}],"curies":[{"name":"wp","href":"https:\/\/api.w.org\/{rel}","templated":true}]}}